{"id":185,"date":"2021-04-08T18:41:49","date_gmt":"2021-04-08T16:41:49","guid":{"rendered":"https:\/\/arbroservice.ch\/wp\/?page_id=185"},"modified":"2022-02-28T20:34:45","modified_gmt":"2022-02-28T19:34:45","slug":"laurent-cattin","status":"publish","type":"page","link":"https:\/\/arbroservice.ch\/?page_id=185","title":{"rendered":"Laurent Cattin"},"content":{"rendered":"\n<h3 class=\"has-dark-green-color has-text-color wp-block-heading\">Arboriste grimpeur<\/h3>\n\n\n\n<p>Porteur d&rsquo;un CFC de forestier-b\u00fbcheron et de plusieurs certifications, Laurent Cattin a une passion toute particuli\u00e8re pour l&rsquo;escalade et les grands arbres.<\/p>\n\n\n\n<p>Il \u00e9tait donc tout naturel de conjuguer ces 2 passions afin d&rsquo;en faire son m\u00e9tier. Depuis 1998, il met donc toutes ses connaissances et comp\u00e9tences au service des arbres et de leurs propri\u00e9taires&#8230;<\/p>\n","protected":false},"excerpt":{"rendered":"<p>Arboriste grimpeur Porteur d&rsquo;un CFC de forestier-b\u00fbcheron et de plusieurs certifications, Laurent Cattin a une passion toute particuli\u00e8re pour l&rsquo;escalade et les grands arbres. Il \u00e9tait donc tout naturel de conjuguer ces 2 passions afin d&rsquo;en faire son m\u00e9tier. Depuis 1998, il met donc toutes ses connaissances et comp\u00e9tences au service des arbres et de &hellip; <a href=\"https:\/\/arbroservice.ch\/?page_id=185\" class=\"more-link\">Continue reading <span class=\"screen-reader-text\">Laurent Cattin<\/span> <span class=\"meta-nav\">&rarr;<\/span><\/a><\/p>\n","protected":false},"author":1,"featured_media":329,"parent":0,"menu_order":0,"comment_status":"closed","ping_status":"closed","template":"","meta":{"footnotes":""},"class_list":["post-185","page","type-page","status-publish","has-post-thumbnail","hentry"],"_links":{"self":[{"href":"https:\/\/arbroservice.ch\/index.php?rest_route=\/wp\/v2\/pages\/185","targetHints":{"allow":["GET"]}}],"collection":[{"href":"https:\/\/arbroservice.ch\/index.php?rest_route=\/wp\/v2\/pages"}],"about":[{"href":"https:\/\/arbroservice.ch\/index.php?rest_route=\/wp\/v2\/types\/page"}],"author":[{"embeddable":true,"href":"https:\/\/arbroservice.ch\/index.php?rest_route=\/wp\/v2\/users\/1"}],"replies":[{"embeddable":true,"href":"https:\/\/arbroservice.ch\/index.php?rest_route=%2Fwp%2Fv2%2Fcomments&post=185"}],"version-history":[{"count":4,"href":"https:\/\/arbroservice.ch\/index.php?rest_route=\/wp\/v2\/pages\/185\/revisions"}],"predecessor-version":[{"id":463,"href":"https:\/\/arbroservice.ch\/index.php?rest_route=\/wp\/v2\/pages\/185\/revisions\/463"}],"wp:featuredmedia":[{"embeddable":true,"href":"https:\/\/arbroservice.ch\/index.php?rest_route=\/wp\/v2\/media\/329"}],"wp:attachment":[{"href":"https:\/\/arbroservice.ch\/index.php?rest_route=%2Fwp%2Fv2%2Fmedia&parent=185"}],"curies":[{"name":"wp","href":"https:\/\/api.w.org\/{rel}","templated":true}]}}